{"id":2599,"date":"2020-12-22T22:34:00","date_gmt":"2020-12-22T22:34:00","guid":{"rendered":"https:\/\/www.pupdoc.ca\/?page_id=2599"},"modified":"2020-12-22T22:34:37","modified_gmt":"2020-12-22T22:34:37","slug":"paediatric-programs-canada-virtual-visits","status":"publish","type":"page","link":"https:\/\/www.pupdoc.ca\/en\/paediatric-programs-canada-virtual-visits\/","title":{"rendered":"Paediatric Programs Canada Virtual Visits"},"content":{"rendered":"<p>The CPS has organized Virtual Visits with all the Paediatric Programs in Canada.  The programs have been divided into 4 Zoom sessions to take place between January 12 and January 15, 2021, and all medical students are invited to register to attend.  The program directors and chief paediatric residents will give brief presentations and medical students will have the opportunity to ask questions.<\/p>\n<p>Register your interest in the specific session using the links below.<br \/>\n<\/p>\n<hr\/>\n<h2><a href=\"https:\/\/us02web.zoom.us\/meeting\/register\/tZYsf-uhrz0jH9Dxj5J_Qu_Va-0yn3im__X6\" target=\"_blank\" rel=\"noopener noreferer noreferrer\">Session 1 \u2013 January 12, 2021<\/a><\/h2>\n<p><time>6:00pm Eastern Time (ET)<\/time><\/p>\n<p>Programs \u2013 Dalhousie, McGill, Memorial, Northern Ontario School of Medicine and University of Ottawa.<\/p>\n<p><a href=\"https:\/\/us02web.zoom.us\/meeting\/register\/tZYsf-uhrz0jH9Dxj5J_Qu_Va-0yn3im__X6\" target=\"_blank\" rel=\"noopener noreferer noreferrer\">Register your interest<\/a><\/p>\n<div class=\"et_pb_row et_pb_row_1\" style=\"width:100%\">\n<div class=\"et_pb_column et_pb_column_1_5 et_pb_column_1  et_pb_css_mix_blend_mode_passthrough\">\n<a href=\"https:\/\/us02web.zoom.us\/meeting\/register\/tZYsf-uhrz0jH9Dxj5J_Qu_Va-0yn3im__X6\" target=\"_blank\" rel=\"noopener noreferer noreferrer\"><br \/>\n<img decoding=\"async\" src=\"https:\/\/www.pupdoc.ca\/wp-content\/uploads\/2014\/03\/dalhousie.jpg\" alt=\"Dalhousie University\" width=\"120\" class=\"alignnone size-full wp-image-513\" \/><br \/>\n<\/a>\n<\/div>\n<div class=\"et_pb_column et_pb_column_1_5 et_pb_column_1  et_pb_css_mix_blend_mode_passthrough\">\n<a href=\"https:\/\/us02web.zoom.us\/meeting\/register\/tZYsf-uhrz0jH9Dxj5J_Qu_Va-0yn3im__X6\" target=\"_blank\" rel=\"noopener noreferer noreferrer\"><br \/>\n<img loading=\"lazy\" decoding=\"async\" src=\"https:\/\/www.pupdoc.ca\/wp-content\/uploads\/2014\/03\/mcgill.jpg\" alt=\"McGill University\" width=\"200\" height=\"120\" class=\"alignnone size-full wp-image-517\" \/><br \/>\n<\/a>\n<\/div>\n<div class=\"et_pb_column et_pb_column_1_5 et_pb_column_1  et_pb_css_mix_blend_mode_passthrough\">\n<a href=\"https:\/\/us02web.zoom.us\/meeting\/register\/tZYsf-uhrz0jH9Dxj5J_Qu_Va-0yn3im__X6\" target=\"_blank\" rel=\"noopener noreferer noreferrer\"><br \/>\n<img decoding=\"async\" src=\"https:\/\/www.pupdoc.ca\/wp-content\/uploads\/2020\/12\/memorial.png\" alt=\"Memorial University\" width=\"120\" class=\"alignnone size-full wp-image-2594\" \/><br \/>\n<\/a>\n<\/div>\n<div class=\"et_pb_column et_pb_column_1_5 et_pb_column_1  et_pb_css_mix_blend_mode_passthrough\">\n<a href=\"https:\/\/us02web.zoom.us\/meeting\/register\/tZYsf-uhrz0jH9Dxj5J_Qu_Va-0yn3im__X6\" target=\"_blank\" rel=\"noopener noreferer noreferrer\"><br \/>\n<img decoding=\"async\" src=\"https:\/\/www.pupdoc.ca\/wp-content\/uploads\/2014\/03\/northern.jpg\" alt=\"Northern Ontario School of Medicine\" width=\"120\" class=\"alignnone size-full wp-image-524\" \/><br \/>\n<\/a>\n<\/div>\n<div class=\"et_pb_column et_pb_column_1_5 et_pb_column_1  et_pb_css_mix_blend_mode_passthrough\">\n<a href=\"https:\/\/us02web.zoom.us\/meeting\/register\/tZYsf-uhrz0jH9Dxj5J_Qu_Va-0yn3im__X6\" target=\"_blank\" rel=\"noopener noreferer noreferrer\"><br \/>\n<img decoding=\"async\" src=\"https:\/\/www.pupdoc.ca\/wp-content\/uploads\/2014\/03\/ottawa.jpg\" alt=\"University of Ottawa\" width=\"120\" class=\"alignnone size-full wp-image-525\" \/><br \/>\n<\/a>\n<\/div>\n<\/div>\n<hr\/>\n<h2><a href=\"https:\/\/us02web.zoom.us\/meeting\/register\/tZAlf-Gsrj4sGdKu_1LfBLxsMywlJu_rjbTL\" target=\"_blank\" rel=\"noopener noreferer noreferrer\">Session 2 \u2013 January 13, 2021<\/a><\/h2>\n<p><time>7:00pm Mountain Time (MT)<\/time><\/p>\n<p>Programs \u2013 University of British Columbia, University of Alberta, University of Calgary, University of Saskatchewan and University of Manitoba.<\/p>\n<p><a href=\"https:\/\/us02web.zoom.us\/meeting\/register\/tZAlf-Gsrj4sGdKu_1LfBLxsMywlJu_rjbTL\" target=\"_blank\" rel=\"noopener noreferer noreferrer\">Register your interest<\/a><\/p>\n<div class=\"et_pb_row et_pb_row_1\" style=\"width:100%\">\n<div class=\"et_pb_column et_pb_column_1_5 et_pb_column_1  et_pb_css_mix_blend_mode_passthrough\">\n<a href=\"https:\/\/us02web.zoom.us\/meeting\/register\/tZAlf-Gsrj4sGdKu_1LfBLxsMywlJu_rjbTL\" target=\"_blank\" rel=\"noopener noreferer noreferrer\"><img loading=\"lazy\" decoding=\"async\" src=\"https:\/\/www.pupdoc.ca\/wp-content\/uploads\/2014\/03\/british.jpg\" alt=\"University of British Columbia\" width=\"200\" height=\"100\" class=\"alignnone size-full wp-image-511\" \/><\/a>\n<\/div>\n<div class=\"et_pb_column et_pb_column_1_5 et_pb_column_1  et_pb_css_mix_blend_mode_passthrough\">\n<a href=\"https:\/\/us02web.zoom.us\/meeting\/register\/tZAlf-Gsrj4sGdKu_1LfBLxsMywlJu_rjbTL\" target=\"_blank\" rel=\"noopener noreferer noreferrer\"><br \/>\n<img decoding=\"async\" src=\"https:\/\/www.pupdoc.ca\/wp-content\/uploads\/2014\/03\/alberta.jpg\" alt=\"University of Alberta\" width=\"120\" class=\"alignnone size-full wp-image-510\" \/><br \/>\n<\/a>\n<\/div>\n<div class=\"et_pb_column et_pb_column_1_5 et_pb_column_1  et_pb_css_mix_blend_mode_passthrough\">\n<a href=\"https:\/\/us02web.zoom.us\/meeting\/register\/tZAlf-Gsrj4sGdKu_1LfBLxsMywlJu_rjbTL\" target=\"_blank\" rel=\"noopener noreferer noreferrer\"><img decoding=\"async\" src=\"https:\/\/www.pupdoc.ca\/wp-content\/uploads\/2020\/11\/uc-vert-rgb.png\" alt=\"University of Calgary\" width=\"120\" class=\"alignnone wp-image-2586\" \/><\/a>\n<\/div>\n<div class=\"et_pb_column et_pb_column_1_5 et_pb_column_1  et_pb_css_mix_blend_mode_passthrough\">\n<a href=\"https:\/\/us02web.zoom.us\/meeting\/register\/tZAlf-Gsrj4sGdKu_1LfBLxsMywlJu_rjbTL\" target=\"_blank\" rel=\"noopener noreferer noreferrer\"><br \/>\n<img decoding=\"async\" src=\"https:\/\/www.pupdoc.ca\/wp-content\/uploads\/2014\/03\/saskatchewan.jpg\" alt=\"University of Saskatchewan\" width=\"120\" class=\"alignnone size-full wp-image-529\" \/><\/a><\/p>\n<\/div>\n<div class=\"et_pb_column et_pb_column_1_5 et_pb_column_1  et_pb_css_mix_blend_mode_passthrough\">\n<a href=\"https:\/\/us02web.zoom.us\/meeting\/register\/tZAlf-Gsrj4sGdKu_1LfBLxsMywlJu_rjbTL\" target=\"_blank\" rel=\"noopener noreferer noreferrer\"><br \/>\n<img decoding=\"async\" src=\"https:\/\/www.pupdoc.ca\/wp-content\/uploads\/2014\/03\/manitoba.jpg\" alt=\"University of Manitoba\" width=\"120\" class=\"alignnone size-full wp-image-516\" \/><\/a>\n<\/div>\n<\/div>\n<hr\/>\n<h2><a href=\"https:\/\/us02web.zoom.us\/meeting\/register\/tZIsf--upzIpG9yRDiFPibW4efCy7ppzV86A\" target=\"_blank\" rel=\"noopener noreferer noreferrer\">Session 3 \u2013 January 14, 2021<\/a><\/h2>\n<p><time>7:00pm Eastern Time (ET)<\/time><\/p>\n<p>Programs \u2013 McMaster, Queen\u2019s, University of Toronto, University of Western Ontario.<\/p>\n<p><a href=\"https:\/\/us02web.zoom.us\/meeting\/register\/tZIsf--upzIpG9yRDiFPibW4efCy7ppzV86A\" target=\"_blank\" rel=\"noopener noreferer noreferrer\">Register your interest<\/a><\/p>\n<div class=\"et_pb_row et_pb_row_1\" style=\"width:100%\">\n<div class=\"et_pb_column et_pb_column_1_5 et_pb_column_1  et_pb_css_mix_blend_mode_passthrough\">\n<a href=\"https:\/\/us02web.zoom.us\/meeting\/register\/tZIsf--upzIpG9yRDiFPibW4efCy7ppzV86A\" target=\"_blank\" rel=\"noopener noreferer noreferrer\"><br \/>\n<img decoding=\"async\" src=\"https:\/\/www.pupdoc.ca\/wp-content\/uploads\/2014\/03\/mcmaster.jpg\" alt=\"McMaster University\" width=\"120\" class=\"alignnone size-full wp-image-519\" \/><\/a>\n<\/div>\n<div class=\"et_pb_column et_pb_column_1_5 et_pb_column_1  et_pb_css_mix_blend_mode_passthrough\">\n<a href=\"https:\/\/us02web.zoom.us\/meeting\/register\/tZIsf--upzIpG9yRDiFPibW4efCy7ppzV86A\" target=\"_blank\" rel=\"noopener noreferer noreferrer\"><br \/>\n<img decoding=\"async\" src=\"https:\/\/www.pupdoc.ca\/wp-content\/uploads\/2014\/03\/queens.jpg\" alt=\"Queen's University\" width=\"120\"  class=\"alignnone size-full wp-image-527\" \/><\/a><\/p>\n<\/div>\n<div class=\"et_pb_column et_pb_column_1_5 et_pb_column_1  et_pb_css_mix_blend_mode_passthrough\">\n<a href=\"https:\/\/us02web.zoom.us\/meeting\/register\/tZIsf--upzIpG9yRDiFPibW4efCy7ppzV86A\" target=\"_blank\" rel=\"noopener noreferer noreferrer\"><br \/>\n<img decoding=\"async\" src=\"https:\/\/www.pupdoc.ca\/wp-content\/uploads\/2014\/03\/toronto.jpg\" alt=\"University of Toronto\" width=\"120\" class=\"alignnone size-full wp-image-531\" \/><\/a>\n<\/div>\n<div class=\"et_pb_column et_pb_column_1_5 et_pb_column_1  et_pb_css_mix_blend_mode_passthrough\">\n<a href=\"https:\/\/us02web.zoom.us\/meeting\/register\/tZIsf--upzIpG9yRDiFPibW4efCy7ppzV86A\" target=\"_blank\" rel=\"noopener noreferer noreferrer\"><br \/>\n<img decoding=\"async\" src=\"https:\/\/www.pupdoc.ca\/wp-content\/uploads\/2014\/03\/western.jpg\" alt=\"University of Western Ontario\" width=\"120\" class=\"alignnone size-full wp-image-2602\" \/><\/a>\n<\/div>\n<\/div>\n<hr\/>\n<h2><a href=\"https:\/\/us02web.zoom.us\/meeting\/register\/tZAtdu2spzsoG90HRnWSuND3J3uSk7znfQjV\" target=\"_blank\" rel=\"noopener noreferer noreferrer\">Session 4 \u2013 January 15, 2021 (in French)<\/a><\/h2>\n<p><time>7:00pm Eastern Time (ET)<\/time><\/p>\n<p>Programs \u2013 Universit\u00e9 de Montr\u00e9al, McGill, Universit\u00e9 Laval, Universit\u00e9 Sherbrooke.<\/p>\n<p><a href=\"https:\/\/us02web.zoom.us\/meeting\/register\/tZAtdu2spzsoG90HRnWSuND3J3uSk7znfQjV\" target=\"_blank\" rel=\"noopener noreferer noreferrer\">Register your interest<\/a><\/p>\n<div class=\"et_pb_row et_pb_row_1\" style=\"width:100%\">\n<div class=\"et_pb_column et_pb_column_1_5 et_pb_column_1  et_pb_css_mix_blend_mode_passthrough\">\n<a href=\"https:\/\/us02web.zoom.us\/meeting\/register\/tZAtdu2spzsoG90HRnWSuND3J3uSk7znfQjV\" target=\"_blank\" rel=\"noopener noreferer noreferrer\"><br \/>\n<img decoding=\"async\" src=\"https:\/\/www.pupdoc.ca\/wp-content\/uploads\/2014\/03\/montreal.jpg\" alt=\"Universit\u00e9 de Montr\u00e9al\" width=\"120\" class=\"alignnone size-full wp-image-522\" \/><\/a><\/p>\n<\/div>\n<div class=\"et_pb_column et_pb_column_1_5 et_pb_column_1  et_pb_css_mix_blend_mode_passthrough\">\n<a href=\"https:\/\/us02web.zoom.us\/meeting\/register\/tZAtdu2spzsoG90HRnWSuND3J3uSk7znfQjV\" target=\"_blank\" rel=\"noopener noreferer noreferrer\"><br \/>\n<img loading=\"lazy\" decoding=\"async\" src=\"https:\/\/www.pupdoc.ca\/wp-content\/uploads\/2014\/03\/mcgill.jpg\" alt=\"McGill University\" width=\"200\" height=\"120\" class=\"alignnone size-full wp-image-517\" \/><\/a>\n<\/div>\n<div class=\"et_pb_column et_pb_column_1_5 et_pb_column_1  et_pb_css_mix_blend_mode_passthrough\">\n<a href=\"https:\/\/us02web.zoom.us\/meeting\/register\/tZAtdu2spzsoG90HRnWSuND3J3uSk7znfQjV\" target=\"_blank\" rel=\"noopener noreferer noreferrer\"><br \/>\n<img decoding=\"async\" src=\"https:\/\/www.pupdoc.ca\/wp-content\/uploads\/2014\/03\/laval.jpg\" alt=\"Universit\u00e9 Laval\" width=\"120\" class=\"alignnone size-full wp-image-2621\" \/><\/a>\n<\/div>\n<div class=\"et_pb_column et_pb_column_1_5 et_pb_column_1  et_pb_css_mix_blend_mode_passthrough\">\n<a href=\"https:\/\/us02web.zoom.us\/meeting\/register\/tZAtdu2spzsoG90HRnWSuND3J3uSk7znfQjV\" target=\"_blank\" rel=\"noopener noreferer noreferrer\"><br \/>\n<img decoding=\"async\" src=\"https:\/\/www.pupdoc.ca\/wp-content\/uploads\/2014\/03\/sherbrooke.jpg\" alt=\"Universit\u00e9 de Sherbrooke\" width=\"120\" class=\"alignnone size-full wp-image-2619\" \/><\/a>\n<\/div>\n<\/div>\n<hr\/>\n<p>For more information contact <a href=\"mailto:memberservices@cps.ca\">memberservices@cps.ca<\/a><\/p>\n","protected":false},"excerpt":{"rendered":"<p>The CPS has organized Virtual Visits with all the Paediatric Programs in Canada. The programs have been divided into 4 Zoom sessions to take place between January 12 and January 15, 2021, and all medical students are invited to register to attend. The program directors and chief paediatric residents will give brief presentations and medical [&hellip;]<\/p>\n","protected":false},"author":2,"featured_media":0,"parent":0,"menu_order":0,"comment_status":"closed","ping_status":"closed","template":"","meta":{"_et_pb_use_builder":"off","_et_pb_old_content":"","_et_gb_content_width":"","footnotes":""},"class_list":["post-2599","page","type-page","status-publish","hentry"],"_links":{"self":[{"href":"https:\/\/www.pupdoc.ca\/en\/wp-json\/wp\/v2\/pages\/2599","targetHints":{"allow":["GET"]}}],"collection":[{"href":"https:\/\/www.pupdoc.ca\/en\/wp-json\/wp\/v2\/pages"}],"about":[{"href":"https:\/\/www.pupdoc.ca\/en\/wp-json\/wp\/v2\/types\/page"}],"author":[{"embeddable":true,"href":"https:\/\/www.pupdoc.ca\/en\/wp-json\/wp\/v2\/users\/2"}],"replies":[{"embeddable":true,"href":"https:\/\/www.pupdoc.ca\/en\/wp-json\/wp\/v2\/comments?post=2599"}],"version-history":[{"count":5,"href":"https:\/\/www.pupdoc.ca\/en\/wp-json\/wp\/v2\/pages\/2599\/revisions"}],"predecessor-version":[{"id":2627,"href":"https:\/\/www.pupdoc.ca\/en\/wp-json\/wp\/v2\/pages\/2599\/revisions\/2627"}],"wp:attachment":[{"href":"https:\/\/www.pupdoc.ca\/en\/wp-json\/wp\/v2\/media?parent=2599"}],"curies":[{"name":"wp","href":"https:\/\/api.w.org\/{rel}","templated":true}]}}