{"id":1328,"date":"2018-03-28T16:40:48","date_gmt":"2018-03-28T16:40:48","guid":{"rendered":"https:\/\/www.pupdoc.ca\/diarrhee\/"},"modified":"2019-01-29T23:13:54","modified_gmt":"2019-01-29T23:13:54","slug":"diarrhee","status":"publish","type":"page","link":"https:\/\/www.pupdoc.ca\/fr\/diarrhee\/","title":{"rendered":"Diarrh\u00e9e"},"content":{"rendered":"<p>[et_pb_section bb_built=\u00a0\u00bb1&Prime; background_color=\u00a0\u00bb#961622&Prime; inner_shadow=\u00a0\u00bbon\u00a0\u00bb fullwidth=\u00a0\u00bbon\u00a0\u00bb parallax=\u00a0\u00bboff\u00a0\u00bb next_background_color=\u00a0\u00bb#ffffff\u00a0\u00bb][et_pb_fullwidth_header title=\u00a0\u00bbDiarrh\u00e9e\u00a0\u00bb text_orientation=\u00a0\u00bbcenter\u00a0\u00bb background_color=\u00a0\u00bbrgba(255, 255, 255, 0)\u00a0\u00bb button_one_text_size__hover_enabled=\u00a0\u00bboff\u00a0\u00bb button_one_text_size__hover=\u00a0\u00bbnull\u00a0\u00bb button_two_text_size__hover_enabled=\u00a0\u00bboff\u00a0\u00bb button_two_text_size__hover=\u00a0\u00bbnull\u00a0\u00bb button_one_text_color__hover_enabled=\u00a0\u00bboff\u00a0\u00bb button_one_text_color__hover=\u00a0\u00bbnull\u00a0\u00bb button_two_text_color__hover_enabled=\u00a0\u00bboff\u00a0\u00bb button_two_text_color__hover=\u00a0\u00bbnull\u00a0\u00bb button_one_border_width__hover_enabled=\u00a0\u00bboff\u00a0\u00bb button_one_border_width__hover=\u00a0\u00bbnull\u00a0\u00bb button_two_border_width__hover_enabled=\u00a0\u00bboff\u00a0\u00bb button_two_border_width__hover=\u00a0\u00bbnull\u00a0\u00bb button_one_border_color__hover_enabled=\u00a0\u00bboff\u00a0\u00bb button_one_border_color__hover=\u00a0\u00bbnull\u00a0\u00bb button_two_border_color__hover_enabled=\u00a0\u00bboff\u00a0\u00bb button_two_border_color__hover=\u00a0\u00bbnull\u00a0\u00bb button_one_border_radius__hover_enabled=\u00a0\u00bboff\u00a0\u00bb button_one_border_radius__hover=\u00a0\u00bbnull\u00a0\u00bb button_two_border_radius__hover_enabled=\u00a0\u00bboff\u00a0\u00bb button_two_border_radius__hover=\u00a0\u00bbnull\u00a0\u00bb button_one_letter_spacing__hover_enabled=\u00a0\u00bboff\u00a0\u00bb button_one_letter_spacing__hover=\u00a0\u00bbnull\u00a0\u00bb button_two_letter_spacing__hover_enabled=\u00a0\u00bboff\u00a0\u00bb button_two_letter_spacing__hover=\u00a0\u00bbnull\u00a0\u00bb button_one_bg_color__hover_enabled=\u00a0\u00bboff\u00a0\u00bb button_one_bg_color__hover=\u00a0\u00bbnull\u00a0\u00bb button_two_bg_color__hover_enabled=\u00a0\u00bboff\u00a0\u00bb button_two_bg_color__hover=\u00a0\u00bbnull\u00a0\u00bb _builder_version=\u00a0\u00bb3.19.9&Prime; \/][\/et_pb_section][et_pb_section bb_built=\u00a0\u00bb1&Prime; background_color=\u00a0\u00bb#ffffff\u00a0\u00bb inner_shadow=\u00a0\u00bbon\u00a0\u00bb parallax=\u00a0\u00bboff\u00a0\u00bb prev_background_color=\u00a0\u00bb#961622&Prime; next_background_color=\u00a0\u00bb#eeeeee\u00a0\u00bb][et_pb_row][et_pb_column type=\u00a0\u00bb4_4&Prime;][et_pb_tabs module_class=\u00a0\u00bbkey-conditions\u00a0\u00bb background_position=\u00a0\u00bbtop_left\u00a0\u00bb background_repeat=\u00a0\u00bbrepeat\u00a0\u00bb background_size=\u00a0\u00bbinitial\u00a0\u00bb _builder_version=\u00a0\u00bb3.0.64&Prime; border_style=\u00a0\u00bbsolid\u00a0\u00bb][et_pb_tab title=\u00a0\u00bbConditions clefs\u00a0\u00bb use_background_color_gradient=\u00a0\u00bboff\u00a0\u00bb background_color_gradient_start=\u00a0\u00bb#2b87da\u00a0\u00bb background_color_gradient_end=\u00a0\u00bb#29c4a9&Prime; background_color_gradient_type=\u00a0\u00bblinear\u00a0\u00bb background_color_gradient_direction=\u00a0\u00bb180deg\u00a0\u00bb background_color_gradient_direction_radial=\u00a0\u00bbcenter\u00a0\u00bb background_color_gradient_start_position=\u00a0\u00bb0%\u00a0\u00bb background_color_gradient_end_position=\u00a0\u00bb100%\u00a0\u00bb parallax=\u00a0\u00bboff\u00a0\u00bb parallax_method=\u00a0\u00bbon\u00a0\u00bb background_size=\u00a0\u00bbcover\u00a0\u00bb background_position=\u00a0\u00bbcenter\u00a0\u00bb background_repeat=\u00a0\u00bbno-repeat\u00a0\u00bb background_blend=\u00a0\u00bbnormal\u00a0\u00bb allow_player_pause=\u00a0\u00bboff\u00a0\u00bb tab_font_select=\u00a0\u00bbdefault\u00a0\u00bb tab_font=\u00a0\u00bb||||\u00a0\u00bb body_font_select=\u00a0\u00bbdefault\u00a0\u00bb body_font=\u00a0\u00bb||||\u00a0\u00bb]<\/p>\n<p>Gastroent\u00e9rite<br \/>\nMaladie c\u0153liaque<br \/>\nSHU (syndrome h\u00e9molytique ur\u00e9mique)<br \/>\nMII (maladie inflammatoire intestinale)<br \/>\nDiarrh\u00e9e du tout-petit<br \/>\nIntol\u00e9rance aux prot\u00e9ines de lait<br \/>\nFibrose kystique<\/p>\n<p>[\/et_pb_tab][et_pb_tab title=\u00a0\u00bbConnaissances fondamentales\u00a0\u00bb use_background_color_gradient=\u00a0\u00bboff\u00a0\u00bb background_color_gradient_start=\u00a0\u00bb#2b87da\u00a0\u00bb background_color_gradient_end=\u00a0\u00bb#29c4a9&Prime; background_color_gradient_type=\u00a0\u00bblinear\u00a0\u00bb background_color_gradient_direction=\u00a0\u00bb180deg\u00a0\u00bb background_color_gradient_direction_radial=\u00a0\u00bbcenter\u00a0\u00bb background_color_gradient_start_position=\u00a0\u00bb0%\u00a0\u00bb background_color_gradient_end_position=\u00a0\u00bb100%\u00a0\u00bb parallax=\u00a0\u00bboff\u00a0\u00bb parallax_method=\u00a0\u00bbon\u00a0\u00bb background_size=\u00a0\u00bbcover\u00a0\u00bb background_position=\u00a0\u00bbcenter\u00a0\u00bb background_repeat=\u00a0\u00bbno-repeat\u00a0\u00bb background_blend=\u00a0\u00bbnormal\u00a0\u00bb allow_player_pause=\u00a0\u00bboff\u00a0\u00bb tab_font_select=\u00a0\u00bbdefault\u00a0\u00bb tab_font=\u00a0\u00bb||||\u00a0\u00bb body_font_select=\u00a0\u00bbdefault\u00a0\u00bb body_font=\u00a0\u00bb||||\u00a0\u00bb]<\/p>\n<ul>\n<li>D\u00e9crire la physiopathologie de la diarrh\u00e9e osmotique et s\u00e9cr\u00e9toire<\/li>\n<li>Classifier la diarrh\u00e9e en se basant sur les m\u00e9canismes physiopathologiques sous-jacents<\/li>\n<li>Reconnaitre que certains types de diarrh\u00e9e sont la manifestation de maladies syst\u00e9miques<\/li>\n<\/ul>\n<p>[\/et_pb_tab][et_pb_tab title=\u00a0\u00bbRessources\u00a0\u00bb use_background_color_gradient=\u00a0\u00bboff\u00a0\u00bb background_color_gradient_start=\u00a0\u00bb#2b87da\u00a0\u00bb background_color_gradient_end=\u00a0\u00bb#29c4a9&Prime; background_color_gradient_type=\u00a0\u00bblinear\u00a0\u00bb background_color_gradient_direction=\u00a0\u00bb180deg\u00a0\u00bb background_color_gradient_direction_radial=\u00a0\u00bbcenter\u00a0\u00bb background_color_gradient_start_position=\u00a0\u00bb0%\u00a0\u00bb background_color_gradient_end_position=\u00a0\u00bb100%\u00a0\u00bb parallax=\u00a0\u00bboff\u00a0\u00bb parallax_method=\u00a0\u00bbon\u00a0\u00bb background_size=\u00a0\u00bbcover\u00a0\u00bb background_position=\u00a0\u00bbcenter\u00a0\u00bb background_repeat=\u00a0\u00bbno-repeat\u00a0\u00bb background_blend=\u00a0\u00bbnormal\u00a0\u00bb allow_player_pause=\u00a0\u00bboff\u00a0\u00bb tab_font_select=\u00a0\u00bbdefault\u00a0\u00bb tab_font=\u00a0\u00bb||||\u00a0\u00bb body_font_select=\u00a0\u00bbdefault\u00a0\u00bb body_font=\u00a0\u00bb||||\u00a0\u00bb]<\/p>\n<div class='et-learn-more clearfix'>\n\t\t\t\t\t<h3 class='heading-more'>Aper\u00e7u et connaissance des sciences fondamentales<span class='et_learnmore_arrow'><span><\/span><\/span><\/h3>\n\t\t\t\t\t<div class='learn-more-content'><table>\n<tbody>\n<tr>\n<td><strong>First Principles of Gastroenterology. The basis of disease and an approach to management. Fifth edition. Chapter 14. Manifestations of Gastrointestinal Disease in the child. Page 710-719.<\/strong><\/p>\n<p><a href=\"https:\/\/www.cag-acg.org\/images\/publications\/EN_GAST_14B.pdf\" target=\"_blank\">https:\/\/www.cag-acg.org\/images\/publications\/EN_GAST_14B.pdf<\/a><\/p>\n<\/td>\n<\/tr>\n<tr>\n<td><strong>Penelope H &amp; Dennehy MD. Acute Diarrheal Disease in Children: Epidemiology, Prevention, and Treatment.&nbsp;<em>Infectious Disease Clinics of North America<\/em>&nbsp;2005; 19: 585\u2013602.<\/strong><\/p>\n<\/td>\n<\/tr>\n<tr>\n<td><strong>Granado-Villar D, Cunill-De Sautu B &amp; Granados A. Acute Gastroenteritis.&nbsp;Pediatrics in Review 2012; 33: 487.<\/strong><\/p>\n<\/td>\n<\/tr>\n<tr>\n<td><strong>Zella GC &amp; Isreal EJ. Chronic Diarrhea in Children.&nbsp;<em>Pediatrics in Review<\/em>&nbsp;2012; 33: 207-218.<\/strong><\/p>\n<\/td>\n<\/tr>\n<tr>\n<td><strong>Corrigan Jr JJ &amp; Boineau FG. Hemolytic-Uremic Syndrome.&nbsp;<em>Pediatrics in Review<\/em>&nbsp;2001; 22: 365-369.<\/strong><\/p>\n<\/td>\n<\/tr>\n<tr>\n<td><strong>Hyams JS. Inflammatory Bowel Disease. Pediatrics in Review Vol. 26 No. 9 September 1, 2005, pp. 314\u2013320.<\/strong><\/p>\n<\/td>\n<\/tr>\n<tr>\n<td><strong>Vandenaplas Y et al. Guidelines for the diagnosis and management of cow\u2019s milk protein allergy in infants.&nbsp;&nbsp;<em>Archives of Disease in Childhood<\/em>&nbsp;2007; 92: 902-908.<\/strong><\/p>\n<\/td>\n<\/tr>\n<\/tbody>\n<\/table><\/div>\n\t\t\t\t<\/div>\n<div class='et-learn-more clearfix'>\n\t\t\t\t\t<h3 class='heading-more'>Ressources cliniques<span class='et_learnmore_arrow'><span><\/span><\/span><\/h3>\n\t\t\t\t\t<div class='learn-more-content'><table>\n<tbody>\n<tr>\n<td><strong>Dehydration and Diarrhea<\/strong><\/p>\n<p><a href=\"http:\/\/www.caringforkids.cps.ca\/handouts\/dehydration_and_diarrhea\" target=\"_blank\">http:\/\/www.caringforkids.cps.ca\/handouts\/dehydration_and_diarrhea<\/a><\/p>\n<p><a href=\"http:\/\/www.soinsdenosenfants.cps.ca\/handouts\/dehydration_and_diarrhea\" target=\"_blank\">http:\/\/www.soinsdenosenfants.cps.ca\/handouts\/dehydration_and_diarrhea<\/a><\/p>\n<\/td>\n<\/tr>\n<tr>\n<td><strong>Oral rehydration therapy and early re-feeding in the management of childhood gastroenteritis<\/strong><\/p>\n<p><a href=\"http:\/\/www.cps.ca\/fr\/documents\/position\/rehydratation-par-voie-orale\" target=\"_blank\">http:\/\/www.cps.ca\/fr\/documents\/position\/rehydratation-par-voie-orale<\/a><\/p>\n<p><a href=\"http:\/\/www.cps.ca\/documents\/position\/oral-rehydration-therapy\" target=\"_blank\">http:\/\/www.cps.ca\/documents\/position\/oral-rehydration-therapy<\/a><\/p>\n<\/td>\n<\/tr>\n<\/tbody>\n<\/table><\/div>\n\t\t\t\t<\/div>\n<div class='et-learn-more clearfix'>\n\t\t\t\t\t<h3 class='heading-more'>Cas simul\u00e9s<span class='et_learnmore_arrow'><span><\/span><\/span><\/h3>\n\t\t\t\t\t<div class='learn-more-content'><table>\n<tbody>\n<tr>\n<td><strong>Dehydration. University of Alberta Pedscases.<\/strong><\/p>\n<p><a href=\"https:\/\/www.pedscases.com\/\" target=\"_blank\">https:\/\/www.pedscases.com\/<\/a><\/p>\n<p><a href=\"https:\/\/itunes.apple.com\/ca\/podcast\/pedscases.com-pediatrics-for\/id330446233\" target=\"_blank\">https:\/\/itunes.apple.com\/ca\/podcast\/pedscases.com-pediatrics-for\/id330446233<\/a><\/p>\n<\/td>\n<\/tr>\n<\/tbody>\n<\/table><\/div>\n\t\t\t\t<\/div>\n<p>[\/et_pb_tab][\/et_pb_tabs][\/et_pb_column][\/et_pb_row][\/et_pb_section][et_pb_section bb_built=\u00a0\u00bb1&Prime; fullwidth=\u00a0\u00bbon\u00a0\u00bb _builder_version=\u00a0\u00bb3.19.9&Prime; background_color=\u00a0\u00bb#eeeeee\u00a0\u00bb next_background_color=\u00a0\u00bb#ffffff\u00a0\u00bb global_module=\u00a0\u00bb2269&Prime; prev_background_color=\u00a0\u00bb#ffffff\u00a0\u00bb][et_pb_fullwidth_header global_parent=\u00a0\u00bb2269&Prime; logo_image_url=\u00a0\u00bbhttps:\/\/www.pupdoc.ca\/wp-content\/uploads\/2018\/12\/canuc-paeds.png\u00a0\u00bb _builder_version=\u00a0\u00bb3.19.9&Prime; background_color=\u00a0\u00bbrgba(255, 255, 255, 0)\u00a0\u00bb background_layout=\u00a0\u00bblight\u00a0\u00bb max_width_tablet=\u00a0\u00bb50px\u00a0\u00bb custom_padding=\u00a0\u00bb7px|0px|0px|0px\u00a0\u00bb custom_padding_last_edited=\u00a0\u00bbon|phone\u00a0\u00bb custom_css_main_element=\u00a0\u00bbmax-height: max-content;\u00a0\u00bb button_one_text_size__hover_enabled=\u00a0\u00bboff\u00a0\u00bb button_two_text_size__hover_enabled=\u00a0\u00bboff\u00a0\u00bb button_one_text_color__hover_enabled=\u00a0\u00bboff\u00a0\u00bb button_two_text_color__hover_enabled=\u00a0\u00bboff\u00a0\u00bb button_one_border_width__hover_enabled=\u00a0\u00bboff\u00a0\u00bb button_two_border_width__hover_enabled=\u00a0\u00bboff\u00a0\u00bb button_one_border_color__hover_enabled=\u00a0\u00bboff\u00a0\u00bb button_two_border_color__hover_enabled=\u00a0\u00bboff\u00a0\u00bb button_one_border_radius__hover_enabled=\u00a0\u00bboff\u00a0\u00bb button_two_border_radius__hover_enabled=\u00a0\u00bboff\u00a0\u00bb button_one_letter_spacing__hover_enabled=\u00a0\u00bboff\u00a0\u00bb button_two_letter_spacing__hover_enabled=\u00a0\u00bboff\u00a0\u00bb button_one_bg_color__hover_enabled=\u00a0\u00bboff\u00a0\u00bb button_two_bg_color__hover_enabled=\u00a0\u00bboff\u00a0\u00bb text_orientation=\u00a0\u00bbcenter\u00a0\u00bb \/][\/et_pb_section][et_pb_section bb_built=\u00a0\u00bb1&Prime; background_color=\u00a0\u00bb#ffffff\u00a0\u00bb _builder_version=\u00a0\u00bb3.0.64&Prime; prev_background_color=\u00a0\u00bb#eeeeee\u00a0\u00bb][et_pb_row _builder_version=\u00a0\u00bb3.0.64&Prime; background_position_1=\u00a0\u00bbtop_left\u00a0\u00bb background_repeat_1=\u00a0\u00bbno-repeat\u00a0\u00bb background_position_2=\u00a0\u00bbtop_left\u00a0\u00bb background_repeat_2=\u00a0\u00bbno-repeat\u00a0\u00bb background_position_3=\u00a0\u00bbtop_left\u00a0\u00bb background_repeat_3=\u00a0\u00bbno-repeat\u00a0\u00bb padding_bottom_1=\u00a0\u00bb0px\u00a0\u00bb padding_bottom_2=\u00a0\u00bb0px\u00a0\u00bb padding_1_last_edited=\u00a0\u00bbon|desktop\u00a0\u00bb custom_margin=\u00a0\u00bb||0px|\u00a0\u00bb custom_margin_last_edited=\u00a0\u00bbon|tablet\u00a0\u00bb custom_padding=\u00a0\u00bb||0px|\u00a0\u00bb background_position=\u00a0\u00bbtop_left\u00a0\u00bb background_repeat=\u00a0\u00bbrepeat\u00a0\u00bb background_size=\u00a0\u00bbinitial\u00a0\u00bb][et_pb_column type=\u00a0\u00bb1_3&Prime;][et_pb_text _builder_version=\u00a0\u00bb3.0.64&Prime; background_layout=\u00a0\u00bblight\u00a0\u00bb text_orientation=\u00a0\u00bbleft\u00a0\u00bb border_style=\u00a0\u00bbsolid\u00a0\u00bb custom_margin=\u00a0\u00bb||0px|\u00a0\u00bb custom_margin_last_edited=\u00a0\u00bbon|desktop\u00a0\u00bb custom_padding=\u00a0\u00bb||0px|\u00a0\u00bb custom_padding_last_edited=\u00a0\u00bbon|phone\u00a0\u00bb module_class=\u00a0\u00bbmenu-clinical-line-height\u00a0\u00bb text_line_height=\u00a0\u00bb1.4em\u00a0\u00bb]<\/p>\n<p>\n<a href=\"https:\/\/www.pupdoc.ca\/fr\/alteration-de-letat-de-conscience\/\">Alt\u00e9ration de l\u2019\u00e9tat de conscience<\/a><br \/>\n<a href=\"https:\/\/www.pupdoc.ca\/fr\/boiterie-douleur-aux-membres\/\">Boiterie \/ douleur aux membres<\/a><br \/>\n<a href=\"https:\/\/www.pupdoc.ca\/fr\/cephalee\/\">C\u00e9phal\u00e9e<\/a><br \/>\n<a href=\"https:\/\/www.pupdoc.ca\/fr\/convulsion-evenements-paroxystiques\/\">Convulsion \/ \u00e9v\u00e8nements paroxystiques<\/a><br \/>\n<a href=\"https:\/\/www.pupdoc.ca\/fr\/deshydratation\/\">D\u00e9shydratation<\/a><br \/>\n<a href=\"https:\/\/www.pupdoc.ca\/fr\/detresse-respiratoire-toux\/\">D\u00e9tresse respiratoire \/ toux<\/a><br \/>\n<a href=\"https:\/\/www.pupdoc.ca\/fr\/diarrhee\/\"><strong>Diarrh\u00e9e<\/strong><\/a><br \/>\n<a href=\"https:\/\/www.pupdoc.ca\/fr\/douleur-abdominale-et-masse-abdominale\/\">Douleur abdominale et masse abdominale<\/a><br \/>\n<a href=\"https:\/\/www.pupdoc.ca\/fr\/douleur-a-la-gorge-bouche\/\">Douleur \u00e0 la gorge \/ bouche<\/a><br \/>\n<a href=\"https:\/\/www.pupdoc.ca\/fr\/ecchymose-saignements\/\">Ecchymose \/ saignements<\/a><\/p>\n<p>[\/et_pb_text][\/et_pb_column][et_pb_column type=\u00a0\u00bb1_3&Prime;][et_pb_text _builder_version=\u00a0\u00bb3.0.64&Prime; background_layout=\u00a0\u00bblight\u00a0\u00bb text_orientation=\u00a0\u00bbleft\u00a0\u00bb border_style=\u00a0\u00bbsolid\u00a0\u00bb custom_margin=\u00a0\u00bb||0px|\u00a0\u00bb custom_padding=\u00a0\u00bb||0px|\u00a0\u00bb custom_css_main_element=\u00a0\u00bbmargin-bottom: 0px !important;\u00a0\u00bb module_class=\u00a0\u00bbmenu-clinical-line-height\u00a0\u00bb text_line_height=\u00a0\u00bb1.4em\u00a0\u00bb]<\/p>\n<p>\n<a href=\"https:\/\/www.pupdoc.ca\/fr\/enfant-gravement-malade\/\">Enfant gravement malade<\/a><br \/>\n<a href=\"https:\/\/www.pupdoc.ca\/fr\/eruptions-cutanees\/\">Eruptions cutan\u00e9es<\/a><br \/>\n<a href=\"https:\/\/www.pupdoc.ca\/fr\/fievre\/\">Fi\u00e8vre<\/a><br \/>\n<a href=\"https:\/\/www.pupdoc.ca\/fr\/ictere-neonatal\/\">Ict\u00e8re N\u00e9onatal<\/a><br \/>\n<a href=\"https:\/\/www.pupdoc.ca\/fr\/lymphadenopathies\/\">Lymphad\u00e9nopathies<\/a><br \/>\n<a href=\"https:\/\/www.pupdoc.ca\/fr\/nouveau-ne\/\">Nouveau-n\u00e9<\/a><br \/>\n<a href=\"https:\/\/www.pupdoc.ca\/fr\/oedeme\/\">Oed\u00e8me<\/a><br \/>\n<a href=\"https:\/\/www.pupdoc.ca\/fr\/otalgie\/\">Otalgie<\/a><br \/>\n<a href=\"https:\/\/www.pupdoc.ca\/fr\/paleur-anemie\/\">P\u00e2leur \/ An\u00e9mie<\/a><br \/>\n<a href=\"https:\/\/www.pupdoc.ca\/fr\/plaintes-genito-urinaires\/\">Plaintes g\u00e9nito-urinaires<\/a><\/p>\n<p>[\/et_pb_text][\/et_pb_column][et_pb_column type=\u00a0\u00bb1_3&Prime;][et_pb_text _builder_version=\u00a0\u00bb3.0.64&Prime; background_layout=\u00a0\u00bblight\u00a0\u00bb text_orientation=\u00a0\u00bbleft\u00a0\u00bb border_style=\u00a0\u00bbsolid\u00a0\u00bb module_class=\u00a0\u00bbmenu-clinical-line-height\u00a0\u00bb text_line_height=\u00a0\u00bb1.4em\u00a0\u00bb]<\/p>\n<p>\n<a href=\"https:\/\/www.pupdoc.ca\/fr\/problemes-de-croissance\/\">Probl\u00e8mes de croissance<\/a><br \/>\n<a href=\"https:\/\/www.pupdoc.ca\/fr\/problemes-de-developpement-de-comportement-et-dapprentissage\/\">Probl\u00e8mes de d\u00e9veloppement, de comportement et d\u2019apprentissage<\/a><br \/>\n<a href=\"https:\/\/www.pupdoc.ca\/fr\/problemes-de-sante-chez-les-adolescents\/\">Probl\u00e8mes de sant\u00e9 chez les adolescents<\/a><br \/>\n<a href=\"https:\/\/www.pupdoc.ca\/fr\/problemes-de-sante-mental\/\">Probl\u00e8mes de sant\u00e9 mental<\/a><br \/>\n<a href=\"https:\/\/www.pupdoc.ca\/fr\/problemes-oculaires\/\">Probl\u00e8mes oculaires<\/a><br \/>\n<a href=\"https:\/\/www.pupdoc.ca\/fr\/souffle-cardiaque\/\">Souffle cardiaque<\/a><br \/>\n<a href=\"https:\/\/www.pupdoc.ca\/fr\/suivi-periodique-pediatrique\/\">Suivi p\u00e9riodique p\u00e9diatrique<\/a><br \/>\n<a href=\"https:\/\/www.pupdoc.ca\/fr\/traumatismes-non-accidentels-ou-inexpliques\/\">Traumatismes non-accidentels ou inexpliqu\u00e9s<\/a><br \/>\n<a href=\"https:\/\/www.pupdoc.ca\/fr\/vomissement\/\">Vomissement<\/a><\/p>\n<p>[\/et_pb_text][\/et_pb_column][\/et_pb_row][\/et_pb_section]<\/p>\n","protected":false},"excerpt":{"rendered":"<p><div class=\"et_pb_row et_pb_row_0 et_pb_row_empty\">\n\t\t\t\t\n\t\t\t\t\n\t\t\t\t\n\t\t\t\t\n\t\t\t\t\n\t\t\t<\/div> Gastroent\u00e9rite Maladie c\u0153liaque SHU (syndrome h\u00e9molytique ur\u00e9mique) MII (maladie inflammatoire intestinale) Diarrh\u00e9e du tout-petit Intol\u00e9rance aux prot\u00e9ines de lait Fibrose kystique D\u00e9crire la physiopathologie de la diarrh\u00e9e osmotique et s\u00e9cr\u00e9toire Classifier la diarrh\u00e9e en se basant sur les m\u00e9canismes physiopathologiques sous-jacents Reconnaitre que certains types de diarrh\u00e9e sont la manifestation de maladies syst\u00e9miques <div class='et-learn-more clearfix'>\n\t\t\t\t\t<h3 class='heading-more'>Cliquez ici pour en savoir plus<span class='et_learnmore_arrow'><span><\/span><\/span><\/h3>\n\t\t\t\t\t<div class='learn-more-content'><\/div>\n\t\t\t\t<\/div><\/p>\n","protected":false},"author":1,"featured_media":0,"parent":0,"menu_order":0,"comment_status":"open","ping_status":"open","template":"","meta":{"_et_pb_use_builder":"on","_et_pb_old_content":"","_et_gb_content_width":"","footnotes":""},"class_list":["post-1328","page","type-page","status-publish","hentry"],"_links":{"self":[{"href":"https:\/\/www.pupdoc.ca\/fr\/wp-json\/wp\/v2\/pages\/1328","targetHints":{"allow":["GET"]}}],"collection":[{"href":"https:\/\/www.pupdoc.ca\/fr\/wp-json\/wp\/v2\/pages"}],"about":[{"href":"https:\/\/www.pupdoc.ca\/fr\/wp-json\/wp\/v2\/types\/page"}],"author":[{"embeddable":true,"href":"https:\/\/www.pupdoc.ca\/fr\/wp-json\/wp\/v2\/users\/1"}],"replies":[{"embeddable":true,"href":"https:\/\/www.pupdoc.ca\/fr\/wp-json\/wp\/v2\/comments?post=1328"}],"version-history":[{"count":5,"href":"https:\/\/www.pupdoc.ca\/fr\/wp-json\/wp\/v2\/pages\/1328\/revisions"}],"predecessor-version":[{"id":2314,"href":"https:\/\/www.pupdoc.ca\/fr\/wp-json\/wp\/v2\/pages\/1328\/revisions\/2314"}],"wp:attachment":[{"href":"https:\/\/www.pupdoc.ca\/fr\/wp-json\/wp\/v2\/media?parent=1328"}],"curies":[{"name":"wp","href":"https:\/\/api.w.org\/{rel}","templated":true}]}}