{"id":1561,"date":"2018-03-28T17:43:29","date_gmt":"2018-03-28T17:43:29","guid":{"rendered":"https:\/\/www.pupdoc.ca\/suivi-periodique-pediatrique\/"},"modified":"2019-01-29T23:29:47","modified_gmt":"2019-01-29T23:29:47","slug":"suivi-periodique-pediatrique","status":"publish","type":"page","link":"https:\/\/www.pupdoc.ca\/fr\/suivi-periodique-pediatrique\/","title":{"rendered":"Suivi p\u00e9riodique p\u00e9diatrique"},"content":{"rendered":"<p>[et_pb_section bb_built=\u00a0\u00bb1&Prime; background_color=\u00a0\u00bb#961622&Prime; inner_shadow=\u00a0\u00bbon\u00a0\u00bb fullwidth=\u00a0\u00bbon\u00a0\u00bb parallax=\u00a0\u00bboff\u00a0\u00bb next_background_color=\u00a0\u00bb#ffffff\u00a0\u00bb][et_pb_fullwidth_header title=\u00a0\u00bbSuivi p\u00e9riodique p\u00e9diatrique\u00a0\u00bb text_orientation=\u00a0\u00bbcenter\u00a0\u00bb subhead=\u00a0\u00bbNouveau-n\u00e9, b\u00e9b\u00e9, enfant d\u2019\u00e2ge pr\u00e9scolaire, \u00e2ge scolaire, adolescent(e)\u00a0\u00bb _builder_version=\u00a0\u00bb3.19.9&Prime; button_one_letter_spacing_hover=\u00a0\u00bb0&Prime; button_two_letter_spacing_hover=\u00a0\u00bb0&Prime; background_color=\u00a0\u00bbrgba(255, 255, 255, 0)\u00a0\u00bb button_one_text_size__hover_enabled=\u00a0\u00bboff\u00a0\u00bb button_one_text_size__hover=\u00a0\u00bbnull\u00a0\u00bb button_two_text_size__hover_enabled=\u00a0\u00bboff\u00a0\u00bb button_two_text_size__hover=\u00a0\u00bbnull\u00a0\u00bb button_one_text_color__hover_enabled=\u00a0\u00bboff\u00a0\u00bb button_one_text_color__hover=\u00a0\u00bbnull\u00a0\u00bb button_two_text_color__hover_enabled=\u00a0\u00bboff\u00a0\u00bb button_two_text_color__hover=\u00a0\u00bbnull\u00a0\u00bb button_one_border_width__hover_enabled=\u00a0\u00bboff\u00a0\u00bb button_one_border_width__hover=\u00a0\u00bbnull\u00a0\u00bb button_two_border_width__hover_enabled=\u00a0\u00bboff\u00a0\u00bb button_two_border_width__hover=\u00a0\u00bbnull\u00a0\u00bb button_one_border_color__hover_enabled=\u00a0\u00bboff\u00a0\u00bb button_one_border_color__hover=\u00a0\u00bbnull\u00a0\u00bb button_two_border_color__hover_enabled=\u00a0\u00bboff\u00a0\u00bb button_two_border_color__hover=\u00a0\u00bbnull\u00a0\u00bb button_one_border_radius__hover_enabled=\u00a0\u00bboff\u00a0\u00bb button_one_border_radius__hover=\u00a0\u00bbnull\u00a0\u00bb button_two_border_radius__hover_enabled=\u00a0\u00bboff\u00a0\u00bb button_two_border_radius__hover=\u00a0\u00bbnull\u00a0\u00bb button_one_letter_spacing__hover_enabled=\u00a0\u00bbon\u00a0\u00bb button_one_letter_spacing__hover=\u00a0\u00bb0&Prime; button_two_letter_spacing__hover_enabled=\u00a0\u00bbon\u00a0\u00bb button_two_letter_spacing__hover=\u00a0\u00bb0&Prime; button_one_bg_color__hover_enabled=\u00a0\u00bboff\u00a0\u00bb button_one_bg_color__hover=\u00a0\u00bbnull\u00a0\u00bb button_two_bg_color__hover_enabled=\u00a0\u00bboff\u00a0\u00bb button_two_bg_color__hover=\u00a0\u00bbnull\u00a0\u00bb \/][\/et_pb_section][et_pb_section bb_built=\u00a0\u00bb1&Prime; background_color=\u00a0\u00bb#ffffff\u00a0\u00bb inner_shadow=\u00a0\u00bbon\u00a0\u00bb parallax=\u00a0\u00bboff\u00a0\u00bb prev_background_color=\u00a0\u00bb#961622&Prime; next_background_color=\u00a0\u00bb#eeeeee\u00a0\u00bb][et_pb_row][et_pb_column type=\u00a0\u00bb4_4&Prime;][et_pb_tabs module_class=\u00a0\u00bbkey-conditions\u00a0\u00bb background_position=\u00a0\u00bbtop_left\u00a0\u00bb background_repeat=\u00a0\u00bbrepeat\u00a0\u00bb background_size=\u00a0\u00bbinitial\u00a0\u00bb _builder_version=\u00a0\u00bb3.0.87&Prime; border_style=\u00a0\u00bbsolid\u00a0\u00bb][et_pb_tab title=\u00a0\u00bbConditions clefs\u00a0\u00bb use_background_color_gradient=\u00a0\u00bboff\u00a0\u00bb background_color_gradient_start=\u00a0\u00bb#2b87da\u00a0\u00bb background_color_gradient_end=\u00a0\u00bb#29c4a9&Prime; background_color_gradient_type=\u00a0\u00bblinear\u00a0\u00bb background_color_gradient_direction=\u00a0\u00bb180deg\u00a0\u00bb background_color_gradient_direction_radial=\u00a0\u00bbcenter\u00a0\u00bb background_color_gradient_start_position=\u00a0\u00bb0%\u00a0\u00bb background_color_gradient_end_position=\u00a0\u00bb100%\u00a0\u00bb parallax=\u00a0\u00bboff\u00a0\u00bb parallax_method=\u00a0\u00bbon\u00a0\u00bb background_size=\u00a0\u00bbcover\u00a0\u00bb background_position=\u00a0\u00bbcenter\u00a0\u00bb background_repeat=\u00a0\u00bbno-repeat\u00a0\u00bb background_blend=\u00a0\u00bbnormal\u00a0\u00bb allow_player_pause=\u00a0\u00bboff\u00a0\u00bb tab_font_select=\u00a0\u00bbdefault\u00a0\u00bb tab_font=\u00a0\u00bb||||\u00a0\u00bb body_font_select=\u00a0\u00bbdefault\u00a0\u00bb body_font=\u00a0\u00bb||||\u00a0\u00bb _builder_version=\u00a0\u00bb3.0.87&Prime;]<\/p>\n<p>Nutrition \/ Alimentation<br \/>\ncroissance- PC, T, P, IMC (p\u00e9rim\u00e8tre cr\u00e2nien, taille, poids)<br \/>\nHypertension<br \/>\nVie saine et active<br \/>\nSant\u00e9 mentale<br \/>\nD\u00e9veloppement normal<br \/>\nImmunisation<br \/>\nGuidance anticipatoire<br \/>\nPr\u00e9vention des accidents<br \/>\nVision et audition<br \/>\nSant\u00e9 dentaire<br \/>\nDiscipline \/ r\u00f4le parental<br \/>\nProbl\u00e8mes de sommeil<br \/>\nMSN (mort subite du nourrisson)<br \/>\nPleurs\/coliques<br \/>\nD\u00e9veloppement sexuel\/sant\u00e9<br \/>\nSurveillance de la sant\u00e9 de l\u2019Adolescent (HEADDDS)<br \/>\nMilieu socio-\u00e9conomique \/ culturel \/ environnement<br \/>\nCirconcision<\/p>\n<p>[\/et_pb_tab][et_pb_tab title=\u00a0\u00bbConnaissances fondamentales\u00a0\u00bb use_background_color_gradient=\u00a0\u00bboff\u00a0\u00bb background_color_gradient_start=\u00a0\u00bb#2b87da\u00a0\u00bb background_color_gradient_end=\u00a0\u00bb#29c4a9&Prime; background_color_gradient_type=\u00a0\u00bblinear\u00a0\u00bb background_color_gradient_direction=\u00a0\u00bb180deg\u00a0\u00bb background_color_gradient_direction_radial=\u00a0\u00bbcenter\u00a0\u00bb background_color_gradient_start_position=\u00a0\u00bb0%\u00a0\u00bb background_color_gradient_end_position=\u00a0\u00bb100%\u00a0\u00bb parallax=\u00a0\u00bboff\u00a0\u00bb parallax_method=\u00a0\u00bbon\u00a0\u00bb background_size=\u00a0\u00bbcover\u00a0\u00bb background_position=\u00a0\u00bbcenter\u00a0\u00bb background_repeat=\u00a0\u00bbno-repeat\u00a0\u00bb background_blend=\u00a0\u00bbnormal\u00a0\u00bb allow_player_pause=\u00a0\u00bboff\u00a0\u00bb tab_font_select=\u00a0\u00bbdefault\u00a0\u00bb tab_font=\u00a0\u00bb||||\u00a0\u00bb body_font_select=\u00a0\u00bbdefault\u00a0\u00bb body_font=\u00a0\u00bb||||\u00a0\u00bb _builder_version=\u00a0\u00bb3.0.87&Prime;]<\/p>\n<ul>\n<li>D\u00e9crire comment les valeurs culturelles influencent la sant\u00e9 et les interactions dans les soins <\/li>\n<li>Compl\u00e9ter une histoire qui identifie les risques accrus de maladies h\u00e9r\u00e9ditaires et discuter des m\u00e9canismes et du  mode de transmission<\/li>\n<li>D\u00e9crire les besoins nutritionnels pour la croissance et le maintien de la sant\u00e9 du nourrisson, des enfants et adolescents<\/li>\n<li>Comparer le lait maternel et les pr\u00e9parations commerciales<\/li>\n<li>D\u00e9crire comment fonctionnent les vaccins et les maladies qu\u2019ils pr\u00e9viennent<\/li>\n<li>R\u00e9sumer les b\u00e9n\u00e9fices et les contre-indications des vaccins<\/li>\n<li>D\u00e9crire l\u2019\u00e9pid\u00e9miologie des accidents chez l\u2019enfant<\/li>\n<li>D\u00e9crire les mesures pour pr\u00e9venir les accidents selon l\u2019\u00e2ge de l\u2019enfant dans la population<\/li>\n<li>Identifier les facteurs de risques de surdit\u00e9<\/li>\n<li>D\u00e9crire le d\u00e9veloppement dentaire normal<\/li>\n<li>D\u00e9crire la pathophysiologie et les facteurs de risque de la carie et de la maladie gingivale<\/li>\n<li>Expliquer le concept de renforcement et  les facteurs qui influencent l\u2019apprentissage et le comportement<\/li>\n<li>D\u00e9crire la physiologie du sommeil, ses stades, les besoins selon l\u2019\u00e2ge et l\u2019hygi\u00e8ne de sommeil ad\u00e9quat<\/li>\n<li>\u00c9num\u00e9rer les effets du manque de sommeil<\/li>\n<li>\u00c9num\u00e9rer les facteurs de risque et les strat\u00e9gies pour diminuer les risques de Mort subite du nourrisson<\/li>\n<li>D\u00e9crire le concept de surveillance du d\u00e9veloppement<\/li>\n<\/ul>\n<p>[\/et_pb_tab][et_pb_tab title=\u00a0\u00bbRessources\u00a0\u00bb use_background_color_gradient=\u00a0\u00bboff\u00a0\u00bb background_color_gradient_start=\u00a0\u00bb#2b87da\u00a0\u00bb background_color_gradient_end=\u00a0\u00bb#29c4a9&Prime; background_color_gradient_type=\u00a0\u00bblinear\u00a0\u00bb background_color_gradient_direction=\u00a0\u00bb180deg\u00a0\u00bb background_color_gradient_direction_radial=\u00a0\u00bbcenter\u00a0\u00bb background_color_gradient_start_position=\u00a0\u00bb0%\u00a0\u00bb background_color_gradient_end_position=\u00a0\u00bb100%\u00a0\u00bb parallax=\u00a0\u00bboff\u00a0\u00bb parallax_method=\u00a0\u00bbon\u00a0\u00bb background_size=\u00a0\u00bbcover\u00a0\u00bb background_position=\u00a0\u00bbcenter\u00a0\u00bb background_repeat=\u00a0\u00bbno-repeat\u00a0\u00bb background_blend=\u00a0\u00bbnormal\u00a0\u00bb allow_player_pause=\u00a0\u00bboff\u00a0\u00bb tab_font_select=\u00a0\u00bbdefault\u00a0\u00bb tab_font=\u00a0\u00bb||||\u00a0\u00bb body_font_select=\u00a0\u00bbdefault\u00a0\u00bb body_font=\u00a0\u00bb||||\u00a0\u00bb _builder_version=\u00a0\u00bb3.0.87&Prime; background_color_gradient_overlays_image=\u00a0\u00bboff\u00a0\u00bb tab_text_shadow_horizontal_length=\u00a0\u00bb0em\u00a0\u00bb tab_text_shadow_vertical_length=\u00a0\u00bb0em\u00a0\u00bb tab_text_shadow_blur_strength=\u00a0\u00bb0em\u00a0\u00bb body_text_shadow_horizontal_length=\u00a0\u00bb0em\u00a0\u00bb body_text_shadow_vertical_length=\u00a0\u00bb0em\u00a0\u00bb body_text_shadow_blur_strength=\u00a0\u00bb0em\u00a0\u00bb]<\/p>\n<div class='et-learn-more clearfix'>\n\t\t\t\t\t<h3 class='heading-more'>Aper\u00e7u et connaissance des sciences fondamentales<span class='et_learnmore_arrow'><span><\/span><\/span><\/h3>\n\t\t\t\t\t<div class='learn-more-content'><table>\n<tbody>\n<tr>\n<td><strong>Phillpi WJB.&nbsp; Care of the well newborn. <em>Pediatrics in Review<\/em> 2012; 33: 4-18.<\/strong><\/p>\n<\/td>\n<\/tr>\n<tr>\n<td><strong>Hunt, CE &amp; Hauck, FR. Sudden infant death syndrome. Canadian Medical Association Journal 2006; 174(13): 1861-1869.<\/strong><\/p>\n<\/td>\n<\/tr>\n<tr>\n<td><strong>Kenyon C et al. Revisiting the social history for child health. Pediatrics 2007; 120: e734-8.<\/strong><\/p>\n<\/td>\n<\/tr>\n<tr>\n<td><strong>Rourke Baby Record: Evidence-based infant\/child health maintenance guide<\/strong><\/p>\n<p><a href=\"http:\/\/www.rourkebabyrecord.ca\/evidence.asp\" target=\"_blank\">http:\/\/www.rourkebabyrecord.ca\/evidence.asp<\/a><\/p>\n<\/td>\n<\/tr>\n<tr>\n<td><strong>Bradford NF. Overweight and obesity in children and adolescents.&nbsp; <em>Primary Care. Clinics in Office Practice<\/em> 2009; 36: 319-339.<\/strong><\/p>\n<\/td>\n<\/tr>\n<\/tbody>\n<\/table><\/div>\n\t\t\t\t<\/div>\n<div class='et-learn-more clearfix'>\n\t\t\t\t\t<h3 class='heading-more'>Ressources cliniques<span class='et_learnmore_arrow'><span><\/span><\/span><\/h3>\n\t\t\t\t\t<div class='learn-more-content'><table>\n<tbody>\n<tr>\n<td>\n<a href=\"http:\/\/www.cpeg-gcep.net\/content\/who-growth-charts-canada\" target=\"_blank\">http:\/\/www.cpeg-gcep.net\/content\/who-growth-charts-canada<\/a><\/p>\n<\/td>\n<\/tr>\n<tr>\n<td><strong>Public Health Agency of Canada: Immunization Schedules<\/strong><\/p>\n<p><a href=\"http:\/\/www.phac-aspc.gc.ca\/im\/ptimprog-progimpt\/table-1-fra.php\" target=\"_blank\">http:\/\/www.phac-aspc.gc.ca\/im\/ptimprog-progimpt\/table-1-fra.php<\/a><\/p>\n<p><a href=\"http:\/\/www.phac-aspc.gc.ca\/im\/ptimprog-progimpt\/table-1-eng.php\" target=\"_blank\">http:\/\/www.phac-aspc.gc.ca\/im\/ptimprog-progimpt\/table-1-eng.php<\/a><\/p>\n<\/td>\n<\/tr>\n<tr>\n<td><strong>Healthy active living: Physical activity guidelines for children and adolescents<\/strong><\/p>\n<p><a href=\"http:\/\/www.cps.ca\/fr\/documents\/position\/directives-activite-physique\" target=\"_blank\">http:\/\/www.cps.ca\/fr\/documents\/position\/directives-activite-physique<\/a><\/p>\n<p><a href=\"http:\/\/www.cps.ca\/en\/documents\/position\/physical-activity-guidelines\" target=\"_blank\">http:\/\/www.cps.ca\/en\/documents\/position\/physical-activity-guidelines<\/a><\/p>\n<\/td>\n<\/tr>\n<tr>\n<td><strong>Effective discipline for children<\/strong><\/p>\n<p><a href=\"https:\/\/www.ncbi.nlm.nih.gov\/pmc\/articles\/PMC2719514\/pdf\/pch09037.pdf\" target=\"_blank\">https:\/\/www.ncbi.nlm.nih.gov\/pmc\/articles\/PMC2719514\/pdf\/pch09037.pdf<\/a><\/p>\n<p><a href=\"https:\/\/academic.oup.com\/pch\/article\/9\/1\/45\/2648488\" target=\"_blank\">https:\/\/academic.oup.com\/pch\/article\/9\/1\/45\/2648488<\/a><\/p>\n<\/td>\n<\/tr>\n<tr>\n<td><strong>Melatonin for the management of sleep disorders in children and adolescents.<\/strong><\/p>\n<p><a href=\"http:\/\/www.cps.ca\/fr\/documents\/position\/melatonine-pour-traiter-troubles-du-sommeil-enfants-adolescents\" target=\"_blank\">http:\/\/www.cps.ca\/fr\/documents\/position\/melatonine-pour-traiter-troubles-du-sommeil-enfants-adolescents<\/a><\/p>\n<p><a href=\"http:\/\/www.cps.ca\/documents\/position\/melatonin-sleep-disorders-children-adolescents\" target=\"_blank\">http:\/\/www.cps.ca\/documents\/position\/melatonin-sleep-disorders-children-adolescents<\/a><\/p>\n<\/td>\n<\/tr>\n<tr>\n<td><strong>Pediatric Blood Pressure Tables<\/strong><\/p>\n<p><a href=\"http:\/\/www.nhlbi.nih.gov\/guidelines\/hypertension\/child_tbl.htm\" target=\"_blank\">http:\/\/www.nhlbi.nih.gov\/guidelines\/hypertension\/child_tbl.htm<\/a><\/p>\n<\/td>\n<\/tr>\n<tr>\n<td><strong>The Well Child Visits<\/strong><\/p>\n<p><a href=\"https:\/\/www.youtube.com\/watch?v=sBNt5H9FIwc\" target=\"_blank\">https:\/\/www.youtube.com\/watch?v=sBNt5H9FIwc<\/a><\/p>\n<\/td>\n<\/tr>\n<tr>\n<td><strong>Calculating Calories for Infant Feeding<\/strong><\/p>\n<p><a href=\"https:\/\/www.youtube.com\/watch?v=sBNt5H9FIwc\" target=\"_blank\">https:\/\/www.youtube.com\/watch?v=sBNt5H9FIwc<\/a><\/p>\n<\/td>\n<\/tr>\n<\/tbody>\n<\/table><\/div>\n\t\t\t\t<\/div>\n<p>[\/et_pb_tab][\/et_pb_tabs][\/et_pb_column][\/et_pb_row][\/et_pb_section][et_pb_section bb_built=\u00a0\u00bb1&Prime; fullwidth=\u00a0\u00bbon\u00a0\u00bb _builder_version=\u00a0\u00bb3.19.9&Prime; background_color=\u00a0\u00bb#eeeeee\u00a0\u00bb next_background_color=\u00a0\u00bb#ffffff\u00a0\u00bb global_module=\u00a0\u00bb2269&Prime; prev_background_color=\u00a0\u00bb#ffffff\u00a0\u00bb][et_pb_fullwidth_header global_parent=\u00a0\u00bb2269&Prime; logo_image_url=\u00a0\u00bbhttps:\/\/www.pupdoc.ca\/wp-content\/uploads\/2018\/12\/canuc-paeds.png\u00a0\u00bb _builder_version=\u00a0\u00bb3.19.9&Prime; background_color=\u00a0\u00bbrgba(255, 255, 255, 0)\u00a0\u00bb background_layout=\u00a0\u00bblight\u00a0\u00bb max_width_tablet=\u00a0\u00bb50px\u00a0\u00bb custom_padding=\u00a0\u00bb7px|0px|0px|0px\u00a0\u00bb custom_padding_last_edited=\u00a0\u00bbon|phone\u00a0\u00bb custom_css_main_element=\u00a0\u00bbmax-height: max-content;\u00a0\u00bb button_one_text_size__hover_enabled=\u00a0\u00bboff\u00a0\u00bb button_two_text_size__hover_enabled=\u00a0\u00bboff\u00a0\u00bb button_one_text_color__hover_enabled=\u00a0\u00bboff\u00a0\u00bb button_two_text_color__hover_enabled=\u00a0\u00bboff\u00a0\u00bb button_one_border_width__hover_enabled=\u00a0\u00bboff\u00a0\u00bb button_two_border_width__hover_enabled=\u00a0\u00bboff\u00a0\u00bb button_one_border_color__hover_enabled=\u00a0\u00bboff\u00a0\u00bb button_two_border_color__hover_enabled=\u00a0\u00bboff\u00a0\u00bb button_one_border_radius__hover_enabled=\u00a0\u00bboff\u00a0\u00bb button_two_border_radius__hover_enabled=\u00a0\u00bboff\u00a0\u00bb button_one_letter_spacing__hover_enabled=\u00a0\u00bboff\u00a0\u00bb button_two_letter_spacing__hover_enabled=\u00a0\u00bboff\u00a0\u00bb button_one_bg_color__hover_enabled=\u00a0\u00bboff\u00a0\u00bb button_two_bg_color__hover_enabled=\u00a0\u00bboff\u00a0\u00bb text_orientation=\u00a0\u00bbcenter\u00a0\u00bb \/][\/et_pb_section][et_pb_section bb_built=\u00a0\u00bb1&Prime; background_color=\u00a0\u00bb#ffffff\u00a0\u00bb _builder_version=\u00a0\u00bb3.0.64&Prime; prev_background_color=\u00a0\u00bb#eeeeee\u00a0\u00bb][et_pb_row _builder_version=\u00a0\u00bb3.0.64&Prime; background_position_1=\u00a0\u00bbtop_left\u00a0\u00bb background_repeat_1=\u00a0\u00bbno-repeat\u00a0\u00bb background_position_2=\u00a0\u00bbtop_left\u00a0\u00bb background_repeat_2=\u00a0\u00bbno-repeat\u00a0\u00bb background_position_3=\u00a0\u00bbtop_left\u00a0\u00bb background_repeat_3=\u00a0\u00bbno-repeat\u00a0\u00bb padding_bottom_1=\u00a0\u00bb0px\u00a0\u00bb padding_bottom_2=\u00a0\u00bb0px\u00a0\u00bb padding_1_last_edited=\u00a0\u00bbon|desktop\u00a0\u00bb custom_margin=\u00a0\u00bb||0px|\u00a0\u00bb custom_margin_last_edited=\u00a0\u00bbon|tablet\u00a0\u00bb custom_padding=\u00a0\u00bb||0px|\u00a0\u00bb background_position=\u00a0\u00bbtop_left\u00a0\u00bb background_repeat=\u00a0\u00bbrepeat\u00a0\u00bb background_size=\u00a0\u00bbinitial\u00a0\u00bb][et_pb_column type=\u00a0\u00bb1_3&Prime;][et_pb_text _builder_version=\u00a0\u00bb3.0.64&Prime; background_layout=\u00a0\u00bblight\u00a0\u00bb text_orientation=\u00a0\u00bbleft\u00a0\u00bb border_style=\u00a0\u00bbsolid\u00a0\u00bb custom_margin=\u00a0\u00bb||0px|\u00a0\u00bb custom_margin_last_edited=\u00a0\u00bbon|desktop\u00a0\u00bb custom_padding=\u00a0\u00bb||0px|\u00a0\u00bb custom_padding_last_edited=\u00a0\u00bbon|phone\u00a0\u00bb module_class=\u00a0\u00bbmenu-clinical-line-height\u00a0\u00bb text_line_height=\u00a0\u00bb1.4em\u00a0\u00bb module_alignment=\u00a0\u00bbleft\u00a0\u00bb]<\/p>\n<p>\n<a href=\"https:\/\/www.pupdoc.ca\/fr\/alteration-de-letat-de-conscience\/\">Alt\u00e9ration de l\u2019\u00e9tat de conscience<\/a><br \/>\n<a href=\"https:\/\/www.pupdoc.ca\/fr\/boiterie-douleur-aux-membres\/\">Boiterie \/ douleur aux membres<\/a><br \/>\n<a href=\"https:\/\/www.pupdoc.ca\/fr\/cephalee\/\">C\u00e9phal\u00e9e<\/a><br \/>\n<a href=\"https:\/\/www.pupdoc.ca\/fr\/convulsion-evenements-paroxystiques\/\">Convulsion \/ \u00e9v\u00e8nements paroxystiques<\/a><br \/>\n<a href=\"https:\/\/www.pupdoc.ca\/fr\/deshydratation\/\">D\u00e9shydratation<\/a><br \/>\n<a href=\"https:\/\/www.pupdoc.ca\/fr\/detresse-respiratoire-toux\/\">D\u00e9tresse respiratoire \/ toux<\/a><br \/>\n<a href=\"https:\/\/www.pupdoc.ca\/fr\/diarrhee\/\">Diarrh\u00e9e<\/a><br \/>\n<a href=\"https:\/\/www.pupdoc.ca\/fr\/douleur-abdominale-et-masse-abdominale\/\">Douleur abdominale et masse abdominale<\/a><br \/>\n<a href=\"https:\/\/www.pupdoc.ca\/fr\/douleur-a-la-gorge-bouche\/\">Douleur \u00e0 la gorge \/ bouche<\/a><br \/>\n<a href=\"https:\/\/www.pupdoc.ca\/fr\/ecchymose-saignements\/\">Ecchymose \/ saignements<\/a><\/p>\n<p>[\/et_pb_text][\/et_pb_column][et_pb_column type=\u00a0\u00bb1_3&Prime;][et_pb_text _builder_version=\u00a0\u00bb3.0.64&Prime; background_layout=\u00a0\u00bblight\u00a0\u00bb text_orientation=\u00a0\u00bbleft\u00a0\u00bb border_style=\u00a0\u00bbsolid\u00a0\u00bb custom_margin=\u00a0\u00bb||0px|\u00a0\u00bb custom_padding=\u00a0\u00bb||0px|\u00a0\u00bb custom_css_main_element=\u00a0\u00bbmargin-bottom: 0px !important;\u00a0\u00bb module_class=\u00a0\u00bbmenu-clinical-line-height\u00a0\u00bb text_line_height=\u00a0\u00bb1.4em\u00a0\u00bb module_alignment=\u00a0\u00bbleft\u00a0\u00bb]<\/p>\n<p>\n<a href=\"https:\/\/www.pupdoc.ca\/fr\/enfant-gravement-malade\/\">Enfant gravement malade<\/a><br \/>\n<a href=\"https:\/\/www.pupdoc.ca\/fr\/eruptions-cutanees\/\">Eruptions cutan\u00e9es<\/a><br \/>\n<a href=\"https:\/\/www.pupdoc.ca\/fr\/fievre\/\">Fi\u00e8vre<\/a><br \/>\n<a href=\"https:\/\/www.pupdoc.ca\/fr\/ictere-neonatal\/\">Ict\u00e8re N\u00e9onatal<\/a><br \/>\n<a href=\"https:\/\/www.pupdoc.ca\/fr\/lymphadenopathies\/\">Lymphad\u00e9nopathies<\/a><br \/>\n<a href=\"https:\/\/www.pupdoc.ca\/fr\/nouveau-ne\/\">Nouveau-n\u00e9<\/a><br \/>\n<a href=\"https:\/\/www.pupdoc.ca\/fr\/oedeme\/\">Oed\u00e8me<\/a><br \/>\n<a href=\"https:\/\/www.pupdoc.ca\/fr\/otalgie\/\">Otalgie<\/a><br \/>\n<a href=\"https:\/\/www.pupdoc.ca\/fr\/paleur-anemie\/\">P\u00e2leur \/ An\u00e9mie<\/a><br \/>\n<a href=\"https:\/\/www.pupdoc.ca\/fr\/plaintes-genito-urinaires\/\">Plaintes g\u00e9nito-urinaires<\/a><\/p>\n<p>[\/et_pb_text][\/et_pb_column][et_pb_column type=\u00a0\u00bb1_3&Prime;][et_pb_text _builder_version=\u00a0\u00bb3.0.64&Prime; background_layout=\u00a0\u00bblight\u00a0\u00bb text_orientation=\u00a0\u00bbleft\u00a0\u00bb border_style=\u00a0\u00bbsolid\u00a0\u00bb module_class=\u00a0\u00bbmenu-clinical-line-height\u00a0\u00bb text_line_height=\u00a0\u00bb1.4em\u00a0\u00bb module_alignment=\u00a0\u00bbleft\u00a0\u00bb]<\/p>\n<p>\n<a href=\"https:\/\/www.pupdoc.ca\/fr\/problemes-de-croissance\/\">Probl\u00e8mes de croissance<\/a><br \/>\n<a href=\"https:\/\/www.pupdoc.ca\/fr\/problemes-de-developpement-de-comportement-et-dapprentissage\/\">Probl\u00e8mes de d\u00e9veloppement, de comportement et d\u2019apprentissage<\/a><br \/>\n<a href=\"https:\/\/www.pupdoc.ca\/fr\/problemes-de-sante-chez-les-adolescents\/\">Probl\u00e8mes de sant\u00e9 chez les adolescents<\/a><br \/>\n<a href=\"https:\/\/www.pupdoc.ca\/fr\/problemes-de-sante-mental\/\">Probl\u00e8mes de sant\u00e9 mental<\/a><br \/>\n<a href=\"https:\/\/www.pupdoc.ca\/fr\/problemes-oculaires\/\">Probl\u00e8mes oculaires<\/a><br \/>\n<a href=\"https:\/\/www.pupdoc.ca\/fr\/souffle-cardiaque\/\">Souffle cardiaque<\/a><br \/>\n<a href=\"https:\/\/www.pupdoc.ca\/fr\/suivi-periodique-pediatrique\/\"><strong>Suivi p\u00e9riodique p\u00e9diatrique<\/strong><\/a><br \/>\n<a href=\"https:\/\/www.pupdoc.ca\/fr\/traumatismes-non-accidentels-ou-inexpliques\/\">Traumatismes non-accidentels ou inexpliqu\u00e9s<\/a><br \/>\n<a href=\"https:\/\/www.pupdoc.ca\/fr\/vomissement\/\">Vomissement<\/a><\/p>\n<p>[\/et_pb_text][\/et_pb_column][\/et_pb_row][\/et_pb_section]<\/p>\n","protected":false},"excerpt":{"rendered":"<p><div class=\"et_pb_row et_pb_row_0 et_pb_row_empty\">\n\t\t\t\t\n\t\t\t\t\n\t\t\t\t\n\t\t\t\t\n\t\t\t\t\n\t\t\t<\/div> Nutrition \/ Alimentation croissance- PC, T, P, IMC (p\u00e9rim\u00e8tre cr\u00e2nien, taille, poids) Hypertension Vie saine et active Sant\u00e9 mentale D\u00e9veloppement normal Immunisation Guidance anticipatoire Pr\u00e9vention des accidents Vision et audition Sant\u00e9 dentaire Discipline \/ r\u00f4le parental Probl\u00e8mes de sommeil MSN (mort subite du nourrisson) Pleurs\/coliques D\u00e9veloppement sexuel\/sant\u00e9 Surveillance de la sant\u00e9 de l\u2019Adolescent (HEADDDS) [&hellip;]<\/p>\n","protected":false},"author":1,"featured_media":0,"parent":0,"menu_order":0,"comment_status":"open","ping_status":"open","template":"","meta":{"_et_pb_use_builder":"on","_et_pb_old_content":"","_et_gb_content_width":"","footnotes":""},"class_list":["post-1561","page","type-page","status-publish","hentry"],"_links":{"self":[{"href":"https:\/\/www.pupdoc.ca\/fr\/wp-json\/wp\/v2\/pages\/1561","targetHints":{"allow":["GET"]}}],"collection":[{"href":"https:\/\/www.pupdoc.ca\/fr\/wp-json\/wp\/v2\/pages"}],"about":[{"href":"https:\/\/www.pupdoc.ca\/fr\/wp-json\/wp\/v2\/types\/page"}],"author":[{"embeddable":true,"href":"https:\/\/www.pupdoc.ca\/fr\/wp-json\/wp\/v2\/users\/1"}],"replies":[{"embeddable":true,"href":"https:\/\/www.pupdoc.ca\/fr\/wp-json\/wp\/v2\/comments?post=1561"}],"version-history":[{"count":6,"href":"https:\/\/www.pupdoc.ca\/fr\/wp-json\/wp\/v2\/pages\/1561\/revisions"}],"predecessor-version":[{"id":2352,"href":"https:\/\/www.pupdoc.ca\/fr\/wp-json\/wp\/v2\/pages\/1561\/revisions\/2352"}],"wp:attachment":[{"href":"https:\/\/www.pupdoc.ca\/fr\/wp-json\/wp\/v2\/media?parent=1561"}],"curies":[{"name":"wp","href":"https:\/\/api.w.org\/{rel}","templated":true}]}}