{"id":2250,"date":"2019-01-29T21:56:42","date_gmt":"2019-01-29T21:56:42","guid":{"rendered":"https:\/\/www.pupdoc.ca\/educational-resources\/"},"modified":"2019-04-11T22:20:07","modified_gmt":"2019-04-11T22:20:07","slug":"educational-resources","status":"publish","type":"page","link":"https:\/\/www.pupdoc.ca\/fr\/educational-resources\/","title":{"rendered":"Educational Resources"},"content":{"rendered":"<p>[et_pb_section bb_built=\u00a0\u00bb1&Prime; fullwidth=\u00a0\u00bbon\u00a0\u00bb _builder_version=\u00a0\u00bb3.0.74&Prime; background_color=\u00a0\u00bb#961622&Prime; next_background_color=\u00a0\u00bb#ffffff\u00a0\u00bb][et_pb_fullwidth_header title=\u00a0\u00bbEducational Resources\u00a0\u00bb _builder_version=\u00a0\u00bb3.18.4&Prime; title_font=\u00a0\u00bb||||||||\u00a0\u00bb title_text_align=\u00a0\u00bbcenter\u00a0\u00bb title_font_size=\u00a0\u00bb36px\u00a0\u00bb background_color=\u00a0\u00bbrgba(255, 255, 255, 0)\u00a0\u00bb max_width_tablet=\u00a0\u00bb50px\u00a0\u00bb button_one_text_size__hover_enabled=\u00a0\u00bboff\u00a0\u00bb button_two_text_size__hover_enabled=\u00a0\u00bboff\u00a0\u00bb button_one_text_color__hover_enabled=\u00a0\u00bboff\u00a0\u00bb button_two_text_color__hover_enabled=\u00a0\u00bboff\u00a0\u00bb button_one_border_width__hover_enabled=\u00a0\u00bboff\u00a0\u00bb button_two_border_width__hover_enabled=\u00a0\u00bboff\u00a0\u00bb button_one_border_color__hover_enabled=\u00a0\u00bboff\u00a0\u00bb button_two_border_color__hover_enabled=\u00a0\u00bboff\u00a0\u00bb button_one_border_radius__hover_enabled=\u00a0\u00bboff\u00a0\u00bb button_two_border_radius__hover_enabled=\u00a0\u00bboff\u00a0\u00bb button_one_letter_spacing__hover_enabled=\u00a0\u00bboff\u00a0\u00bb button_two_letter_spacing__hover_enabled=\u00a0\u00bboff\u00a0\u00bb button_one_bg_color__hover_enabled=\u00a0\u00bboff\u00a0\u00bb button_two_bg_color__hover_enabled=\u00a0\u00bboff\u00a0\u00bb \/][\/et_pb_section][et_pb_section bb_built=\u00a0\u00bb1&Prime; _builder_version=\u00a0\u00bb3.18.4&Prime; background_color=\u00a0\u00bb#ffffff\u00a0\u00bb prev_background_color=\u00a0\u00bb#961622&Prime; next_background_color=\u00a0\u00bb#eeeeee\u00a0\u00bb][et_pb_row _builder_version=\u00a0\u00bb3.18.4&Prime;][et_pb_column type=\u00a0\u00bb4_4&Prime;][et_pb_image src=\u00a0\u00bbhttps:\/\/www.pupdoc.ca\/wp-content\/uploads\/2018\/12\/cps.jpg\u00a0\u00bb url=\u00a0\u00bbhttps:\/\/www.cps.ca\/en\/documents\u00a0\u00bb url_new_window=\u00a0\u00bbon\u00a0\u00bb align=\u00a0\u00bbcenter\u00a0\u00bb _builder_version=\u00a0\u00bb3.18.4&Prime; max_width_tablet=\u00a0\u00bb100%\u00a0\u00bb max_width_phone=\u00a0\u00bb100%\u00a0\u00bb max_width_last_edited=\u00a0\u00bbon|desktop\u00a0\u00bb module_alignment=\u00a0\u00bbcenter\u00a0\u00bb hover_enabled=\u00a0\u00bb0&Prime; \/][et_pb_text _builder_version=\u00a0\u00bb3.21.4&Prime; text_orientation=\u00a0\u00bbcenter\u00a0\u00bb max_width=\u00a0\u00bb75%\u00a0\u00bb max_width_last_edited=\u00a0\u00bbon|desktop\u00a0\u00bb module_alignment=\u00a0\u00bbcenter\u00a0\u00bb z_index_tablet=\u00a0\u00bb500&Prime;]<\/p>\n<p>Les documents de principes et les point de pratique de la Soci\u00e9t\u00e9 canadienne de p\u00e9diatrie ont des directives cliniques et des recommandations pour les p\u00e9diatres, les m\u00e9decins de famille, les infirmi\u00e8res et les repr\u00e9sentants du gouvernement, entre autres. Ils comprennent \u00e9galement des liens vers d\u2019autres documents et ressources pertinents, incluant des informations et donn\u00e9s pour les parents.<br \/>\n<a href=\"https:\/\/www.cps.ca\/fr\/documents\" target=\"_blank\" rel=\"noopener noreferrer\">https:\/\/www.cps.ca\/fr\/documents<\/a><\/p>\n<p>[\/et_pb_text][\/et_pb_column][\/et_pb_row][\/et_pb_section][et_pb_section bb_built=\u00a0\u00bb1&Prime; _builder_version=\u00a0\u00bb3.18.4&Prime; background_color=\u00a0\u00bb#eeeeee\u00a0\u00bb prev_background_color=\u00a0\u00bb#ffffff\u00a0\u00bb next_background_color=\u00a0\u00bb#ffffff\u00a0\u00bb][et_pb_row _builder_version=\u00a0\u00bb3.18.4&Prime;][et_pb_column type=\u00a0\u00bb4_4&Prime;][et_pb_image src=\u00a0\u00bbhttps:\/\/www.pupdoc.ca\/wp-content\/uploads\/2018\/12\/pedscases.png\u00a0\u00bb url=\u00a0\u00bbhttp:\/\/pedscases.com\u00a0\u00bb url_new_window=\u00a0\u00bbon\u00a0\u00bb align=\u00a0\u00bbcenter\u00a0\u00bb _builder_version=\u00a0\u00bb3.18.4&Prime; max_width_tablet=\u00a0\u00bb100%\u00a0\u00bb max_width_phone=\u00a0\u00bb100%\u00a0\u00bb max_width_last_edited=\u00a0\u00bbon|phone\u00a0\u00bb module_alignment=\u00a0\u00bbcenter\u00a0\u00bb \/][et_pb_text _builder_version=\u00a0\u00bb3.21.4&Prime; text_orientation=\u00a0\u00bbcenter\u00a0\u00bb max_width=\u00a0\u00bb75%\u00a0\u00bb max_width_last_edited=\u00a0\u00bbon|desktop\u00a0\u00bb module_alignment=\u00a0\u00bbcenter\u00a0\u00bb z_index_tablet=\u00a0\u00bb500&Prime;]<\/p>\n<p>Les PedsCases permettent aux \u00e9tudiants de faire l\u2019exp\u00e9rience de cas virtuels de base qui n\u2019ont pas \u00e9t\u00e9 vus durant leur stage. L\u2019objectif est que les PedsCases g\u00e9n\u00e8rent de fa\u00e7on d\u00e9lib\u00e9r\u00e9 du contenu dans divers formats, incluant des patients virtuels, pour assurer l\u2019application des connaissances de base en p\u00e9diatrie aux apprenants de mani\u00e8re globale.<br \/>\n<a href=\"http:\/\/pedscases.com\" target=\"_blank\" rel=\"noopener noreferrer\">http:\/\/pedscases.com<\/a><\/p>\n<p>[\/et_pb_text][\/et_pb_column][\/et_pb_row][\/et_pb_section][et_pb_section bb_built=\u00a0\u00bb1&Prime; _builder_version=\u00a0\u00bb3.18.4&Prime; background_color=\u00a0\u00bb#ffffff\u00a0\u00bb prev_background_color=\u00a0\u00bb#eeeeee\u00a0\u00bb][et_pb_row _builder_version=\u00a0\u00bb3.18.4&Prime;][et_pb_column type=\u00a0\u00bb4_4&Prime;][et_pb_image src=\u00a0\u00bbhttps:\/\/www.pupdoc.ca\/wp-content\/uploads\/2018\/12\/cards.jpg\u00a0\u00bb url=\u00a0\u00bbhttp:\/\/cards.ucalgary.ca\u00a0\u00bb url_new_window=\u00a0\u00bbon\u00a0\u00bb align=\u00a0\u00bbcenter\u00a0\u00bb _builder_version=\u00a0\u00bb3.18.4&Prime; max_width_tablet=\u00a0\u00bb100%\u00a0\u00bb max_width_phone=\u00a0\u00bb100%\u00a0\u00bb max_width_last_edited=\u00a0\u00bbon|desktop\u00a0\u00bb module_alignment=\u00a0\u00bbcenter\u00a0\u00bb hover_enabled=\u00a0\u00bb0&Prime; \/][et_pb_text _builder_version=\u00a0\u00bb3.21.4&Prime; text_orientation=\u00a0\u00bbcenter\u00a0\u00bb max_width=\u00a0\u00bb75%\u00a0\u00bb max_width_last_edited=\u00a0\u00bbon|desktop\u00a0\u00bb module_alignment=\u00a0\u00bbcenter\u00a0\u00bb z_index_tablet=\u00a0\u00bb500&Prime;]<\/p>\n<p>Les cartes sont des ressources d&rsquo;acc\u00e8s ouvert et gratuites qui figurent des cas cliniques p\u00e9diatriques \u2013 elles fournissent du r\u00e9troaction pour l&rsquo;apprenant, en plus d&rsquo;une liste de ressources pour en savoir d&rsquo;avantage.<br \/>\n<a href=\"http:\/\/cards.ucalgary.ca\" target=\"_blank\" rel=\"noopener noreferrer\">http:\/\/cards.ucalgary.ca<\/a><\/p>\n<p>[\/et_pb_text][\/et_pb_column][\/et_pb_row][\/et_pb_section]<\/p>\n","protected":false},"excerpt":{"rendered":"<p>Les documents de principes et les point de pratique de la Soci\u00e9t\u00e9 canadienne de p\u00e9diatrie ont des directives cliniques et des recommandations pour les p\u00e9diatres, les m\u00e9decins de famille, les infirmi\u00e8res et les repr\u00e9sentants du gouvernement, entre autres. Ils comprennent \u00e9galement des liens vers d\u2019autres documents et ressources pertinents, incluant des informations et donn\u00e9s pour [&hellip;]<\/p>\n","protected":false},"author":1,"featured_media":0,"parent":0,"menu_order":0,"comment_status":"closed","ping_status":"closed","template":"","meta":{"_et_pb_use_builder":"on","_et_pb_old_content":"","_et_gb_content_width":"","footnotes":""},"class_list":["post-2250","page","type-page","status-publish","hentry"],"_links":{"self":[{"href":"https:\/\/www.pupdoc.ca\/fr\/wp-json\/wp\/v2\/pages\/2250","targetHints":{"allow":["GET"]}}],"collection":[{"href":"https:\/\/www.pupdoc.ca\/fr\/wp-json\/wp\/v2\/pages"}],"about":[{"href":"https:\/\/www.pupdoc.ca\/fr\/wp-json\/wp\/v2\/types\/page"}],"author":[{"embeddable":true,"href":"https:\/\/www.pupdoc.ca\/fr\/wp-json\/wp\/v2\/users\/1"}],"replies":[{"embeddable":true,"href":"https:\/\/www.pupdoc.ca\/fr\/wp-json\/wp\/v2\/comments?post=2250"}],"version-history":[{"count":5,"href":"https:\/\/www.pupdoc.ca\/fr\/wp-json\/wp\/v2\/pages\/2250\/revisions"}],"predecessor-version":[{"id":2363,"href":"https:\/\/www.pupdoc.ca\/fr\/wp-json\/wp\/v2\/pages\/2250\/revisions\/2363"}],"wp:attachment":[{"href":"https:\/\/www.pupdoc.ca\/fr\/wp-json\/wp\/v2\/media?parent=2250"}],"curies":[{"name":"wp","href":"https:\/\/api.w.org\/{rel}","templated":true}]}}