{"id":2660,"date":"2022-10-07T16:57:08","date_gmt":"2022-10-07T16:57:08","guid":{"rendered":"https:\/\/www.pupdoc.ca\/seances-dinformation-sur-la-residence-virtuelle\/"},"modified":"2022-10-07T16:57:12","modified_gmt":"2022-10-07T16:57:12","slug":"seances-dinformation-sur-la-residence-virtuelle","status":"publish","type":"page","link":"https:\/\/www.pupdoc.ca\/fr\/seances-dinformation-sur-la-residence-virtuelle\/","title":{"rendered":"S\u00e9ances d&rsquo;information sur la r\u00e9sidence virtuelle"},"content":{"rendered":"<p><img decoding=\"async\" src=\"https:\/\/www.pupdoc.ca\/wp-content\/uploads\/2018\/12\/cps.jpg\" alt=\"Soci\u00e9t\u00e9 canadienne de p\u00e9diatrie\" width=\"265\" class=\"alignnone size-full wp-image-2637\" \/><\/p>\n<p><strong>Soci\u00e9t\u00e9 canadienne de p\u00e9diatrie<\/strong><\/p>\n<p><strong>Table ronde en p\u00e9diatrie \u2013 Pourquoi choisir la p\u00e9diatrie?<\/strong><\/p>\n<p>Participez avec nous \u00e0 une table ronde virtuelle compos\u00e9e de<br \/>\np\u00e9diatres et de r\u00e9sident.e.s des quatre coins du pays. D\u00e9couvrez<br \/>\n\u00e0 quoi ressemble leur pratique et posez-leur vos questions.<\/p>\n<p><strong>Qui est invit\u00e9?<\/strong><br \/>\nTout.e.s les \u00e9tudiant.e.s en m\u00e9decine qui souhaitent se diriger en<br \/>\np\u00e9diatrie ou en savoir davantage au sujet de cette sp\u00e9cialit\u00e9.<\/p>\n<p><strong>Qui sont les membres de la table ronde?<\/strong><br \/>\nDes p\u00e9diatres et des r\u00e9sident.e.s des r\u00e9gions rurales et urbaines<br \/>\ndu pays, qui exercent en p\u00e9diatrie communautaire, en<br \/>\nsursp\u00e9cialit\u00e9 et dans tous les secteurs entre les deux. Les<br \/>\nmembres de la table ronde en sont \u00e0 diverses \u00e9tapes de leur<br \/>\ncarri\u00e8re et exercent dans tous les milieux, qu\u2019ils soient<br \/>\ncommunautaires ou universitaires.<\/p>\n<p><strong>Quand?<\/strong><br \/>\nLe 20 octobre 2022<br \/>\nde 19 h \u00e0 20 h 30 HE<\/p>\n<p><a href=\"https:\/\/us02web.zoom.us\/meeting\/register\/tZcucemhpjssGtLGYfGDM2T7JjpuIL7v-T-H\" target=\"_blank\" rel=\"noopener\">Inscrivez-vous maintenant \u00e0 la s\u00e9ance en fran\u00e7ais<\/a><\/p>\n<p>Pour en savoir plus, \u00e9crivez \u00e0 <a href=\"mailto:memberservices@cps.ca?subject=Table%20ronde%20en%20p\u00e9diatrie%20Pourquoi%20choisir%20la%20p\u00e9diatrie?\">memberservices@cps.ca<\/a><\/p>\n<hr \/>\n<p><\/p>\n","protected":false},"excerpt":{"rendered":"<p>Soci\u00e9t\u00e9 canadienne de p\u00e9diatrie Table ronde en p\u00e9diatrie \u2013 Pourquoi choisir la p\u00e9diatrie? Participez avec nous \u00e0 une table ronde virtuelle compos\u00e9e de p\u00e9diatres et de r\u00e9sident.e.s des quatre coins du pays. D\u00e9couvrez \u00e0 quoi ressemble leur pratique et posez-leur vos questions. Qui est invit\u00e9? Tout.e.s les \u00e9tudiant.e.s en m\u00e9decine qui souhaitent se diriger en [&hellip;]<\/p>\n","protected":false},"author":2,"featured_media":0,"parent":0,"menu_order":0,"comment_status":"closed","ping_status":"closed","template":"","meta":{"_et_pb_use_builder":"off","_et_pb_old_content":"","_et_gb_content_width":"","footnotes":""},"class_list":["post-2660","page","type-page","status-publish","hentry"],"_links":{"self":[{"href":"https:\/\/www.pupdoc.ca\/fr\/wp-json\/wp\/v2\/pages\/2660","targetHints":{"allow":["GET"]}}],"collection":[{"href":"https:\/\/www.pupdoc.ca\/fr\/wp-json\/wp\/v2\/pages"}],"about":[{"href":"https:\/\/www.pupdoc.ca\/fr\/wp-json\/wp\/v2\/types\/page"}],"author":[{"embeddable":true,"href":"https:\/\/www.pupdoc.ca\/fr\/wp-json\/wp\/v2\/users\/2"}],"replies":[{"embeddable":true,"href":"https:\/\/www.pupdoc.ca\/fr\/wp-json\/wp\/v2\/comments?post=2660"}],"version-history":[{"count":1,"href":"https:\/\/www.pupdoc.ca\/fr\/wp-json\/wp\/v2\/pages\/2660\/revisions"}],"predecessor-version":[{"id":2661,"href":"https:\/\/www.pupdoc.ca\/fr\/wp-json\/wp\/v2\/pages\/2660\/revisions\/2661"}],"wp:attachment":[{"href":"https:\/\/www.pupdoc.ca\/fr\/wp-json\/wp\/v2\/media?parent=2660"}],"curies":[{"name":"wp","href":"https:\/\/api.w.org\/{rel}","templated":true}]}}